{"id":29246,"date":"2026-04-09T11:32:33","date_gmt":"2026-04-09T09:32:33","guid":{"rendered":"https:\/\/gustavob71.sg-host.com\/producto\/test-de-grand-parentalite\/"},"modified":"2026-04-29T17:08:46","modified_gmt":"2026-04-29T15:08:46","slug":"test-de-grand-parentalite","status":"publish","type":"product","link":"https:\/\/myadnlab.com\/fr\/producto\/test-de-grand-parentalite\/","title":{"rendered":"Test de grand-parentalit\u00e9"},"content":{"rendered":"<section id=\"brxe-7c99e3\" class=\"brxe-section\"><div id=\"brxe-55a669\" class=\"brxe-container\"><div id=\"brxe-bf58dc\" class=\"brxe-block\"><h3 id=\"brxe-fbb9d1\" class=\"brxe-heading\">\u00c0 propos de la  <b>Test de grand-parentalit\u00e9<\/b><\/h3><\/div><div id=\"brxe-e9edec\" class=\"brxe-block content-1280-2-grid\"><div id=\"brxe-d04350\" class=\"brxe-block\"><div id=\"brxe-jzwtig\" class=\"brxe-block brx-grid\"><div id=\"brxe-cbzoyn\" class=\"brxe-div\"><h5 id=\"brxe-olptln\" class=\"brxe-heading\">Grand-parentalit\u00e9 paternelle<\/h5><img loading=\"lazy\" decoding=\"async\" width=\"266\" height=\"511\" src=\"https:\/\/myadnlab.com\/wp-content\/uploads\/2026\/04\/abuelidad-paterna-1.webp\" class=\"brxe-image css-filter size-full\" alt=\"\" id=\"brxe-sbwwrv\" srcset=\"https:\/\/myadnlab.com\/wp-content\/uploads\/2026\/04\/abuelidad-paterna-1.webp 266w, https:\/\/myadnlab.com\/wp-content\/uploads\/2026\/04\/abuelidad-paterna-1-156x300.webp 156w, https:\/\/myadnlab.com\/wp-content\/uploads\/2026\/04\/abuelidad-paterna-1-64x123.webp 64w\" sizes=\"auto, (max-width: 266px) 100vw, 266px\" \/><\/div><div id=\"brxe-ecjiss\" class=\"brxe-div\"><h5 id=\"brxe-ffqpac\" class=\"brxe-heading\">Grand-parentalit\u00e9 maternelle<\/h5><img loading=\"lazy\" decoding=\"async\" width=\"287\" height=\"511\" src=\"https:\/\/myadnlab.com\/wp-content\/uploads\/2026\/04\/abuelidad-materna-1.webp\" class=\"brxe-image css-filter size-full\" alt=\"\" id=\"brxe-balwmn\" srcset=\"https:\/\/myadnlab.com\/wp-content\/uploads\/2026\/04\/abuelidad-materna-1.webp 287w, https:\/\/myadnlab.com\/wp-content\/uploads\/2026\/04\/abuelidad-materna-1-168x300.webp 168w, https:\/\/myadnlab.com\/wp-content\/uploads\/2026\/04\/abuelidad-materna-1-64x114.webp 64w\" sizes=\"auto, (max-width: 287px) 100vw, 287px\" \/><\/div><\/div><div id=\"brxe-3288fd\" class=\"brxe-text\"><p>Chaque personne h\u00e9rite de la moiti\u00e9 de son mat\u00e9riel g\u00e9n\u00e9tique de sa m\u00e8re et de l&rsquo;autre moiti\u00e9 de son p\u00e8re. \u00c0 leur tour, les parents ont h\u00e9rit\u00e9 leur ADN de leurs grands-parents. C&rsquo;est pourquoi <strong>les grands-parents partagent une partie de leur ADN avec leurs petits-enfants<\/strong>, ce qui permet de r\u00e9aliser la comparaison g\u00e9n\u00e9tique et d&rsquo;\u00e9valuer statistiquement la probabilit\u00e9 de parent\u00e9.  <\/p>\n<p>Notre <strong>Test de Grand-Parentalit\u00e9<\/strong> comprend <strong>3 profils g\u00e9n\u00e9tiques analysables<\/strong> : celui du grand-p\u00e8re\/de la grand-m\u00e8re paternel(le)\/maternel(le) et du petit-fils ou de la petite-fille, ainsi que le <strong>kit de pr\u00e9l\u00e8vement d&rsquo;\u00e9chantillons<\/strong>. Pour augmenter la fiabilit\u00e9 de l&rsquo;analyse, nous pouvons dans certains cas envisager l&rsquo;<strong>inclusion de la m\u00e8re<\/strong> de l&rsquo;enfant, ce qui permet d&rsquo;isoler les all\u00e8les h\u00e9rit\u00e9s de la lign\u00e9e des grands-parents et d&rsquo;am\u00e9liorer la pr\u00e9cision du r\u00e9sultat. <\/p>\n<\/div><\/div><\/div><div class=\"brxe-ovktni brxe-block ayuda-bloc-grid\"><div class=\"brxe-37e1a6 brxe-block\"><h3 class=\"brxe-7857a9 brxe-heading\">Avez-vous besoin d\u2019aide pour votre dossier ?<\/h3><div class=\"brxe-5b6b41 brxe-div\"><div class=\"brxe-3fa7a3 brxe-text\"><p>Consultez votre dossier avec nos sp\u00e9cialistes et nous vous pr\u00e9parerons un devis d\u00e9taill\u00e9 sur mesure. Notre \u00e9quipe sera ravie de vous aider.<\/p>\n<p>Nous pouvons vous conseiller de mani\u00e8re <strong>rapide, confidentielle et personnalis\u00e9e<\/strong> afin que vous puissiez r\u00e9aliser votre test de paternit\u00e9 en toute s\u00e9r\u00e9nit\u00e9.<\/p>\n<p><strong>Contactez-nous et nous vous informerons sans engagement.<\/strong><\/p>\n<\/div><\/div><div class=\"brxe-61eefe brxe-div\"><a class=\"brxe-400422 brxe-text-link\" href=\"tel:+34973834070\" target=\"_blank\"><span class=\"icon\"><i class=\"ion-ios-call\"><\/i><\/span><span class=\"text\"> 973 83 40 70<\/span><\/a><a class=\"brxe-3e147f brxe-text-link\" href=\"https:\/\/wa.me\/34615271286?text=%C2%A1Hola!%20Quiero%20m%C3%A1s%20informaci%C3%B3n%20sobre%20...\" target=\"_blank\"><span class=\"icon\"><i class=\"fab fa-whatsapp\"><\/i><\/span><span class=\"text\"> WhatsApp<\/span><\/a><a class=\"brxe-3884d8 brxe-text-link\" href=\"mailto:info@myadnlab.com\" target=\"_blank\"><span class=\"icon\"><i class=\"ion-ios-mail\"><\/i><\/span><span class=\"text\">info@myadnlab.com<\/span><\/a><\/div><\/div><\/div><\/div><\/section>\n","protected":false},"excerpt":{"rendered":"<p>Le <strong>test de grand-parent\u00e9<\/strong> permet de d\u00e9terminer s\u2019il existe un lien biologique entre <strong>les deux grands-parents <u>paternels ou maternels<\/u> et un petit-fils ou une petite-fille<\/strong>, sans avoir besoin de disposer de l\u2019\u00e9chantillon du p\u00e8re ou de la m\u00e8re pr\u00e9sum\u00e9(e).<\/p>\n<p>Cette analyse est particuli\u00e8rement utile <strong>lorsqu\u2019il n\u2019est pas possible d\u2019obtenir l\u2019\u00e9chantillon du p\u00e8re ou de la m\u00e8re<\/strong>, car elle permet d\u2019\u00e9tudier le lien de parent\u00e9 de mani\u00e8re indirecte via les grands-parents.<\/p>\n","protected":false},"featured_media":29247,"template":"","meta":[],"product_brand":[],"product_cat":[523,517],"product_tag":[],"class_list":{"0":"post-29246","1":"product","2":"type-product","3":"status-publish","4":"has-post-thumbnail","6":"product_cat-adn-humain","7":"product_cat-kit","9":"first","10":"instock","11":"featured","12":"taxable","13":"shipping-taxable","14":"purchasable","15":"product-type-simple"},"yoast_head":"<!-- This site is optimized with the Yoast SEO plugin v27.6 - https:\/\/yoast.com\/product\/yoast-seo-wordpress\/ -->\n<title>Test de grand-parentalit\u00e9 - Pruebas de paternidad y gen\u00e9tica \u00b7 MyAdnLab<\/title>\n<meta name=\"robots\" content=\"index, follow, max-snippet:-1, max-image-preview:large, max-video-preview:-1\" \/>\n<link rel=\"canonical\" href=\"https:\/\/myadnlab.com\/fr\/producto\/test-de-grand-parentalite\/\" \/>\n<meta property=\"og:locale\" content=\"fr_FR\" \/>\n<meta property=\"og:type\" content=\"article\" \/>\n<meta property=\"og:title\" content=\"Test de grand-parentalit\u00e9 - Pruebas de paternidad y gen\u00e9tica \u00b7 MyAdnLab\" \/>\n<meta property=\"og:description\" content=\"Le test de grand-parent\u00e9 permet de d\u00e9terminer s\u2019il existe un lien biologique entre les deux grands-parents paternels ou maternels et un petit-fils ou une petite-fille, sans avoir besoin de disposer de l\u2019\u00e9chantillon du p\u00e8re ou de la m\u00e8re pr\u00e9sum\u00e9(e).  Cette analyse est particuli\u00e8rement utile lorsqu\u2019il n\u2019est pas possible d\u2019obtenir l\u2019\u00e9chantillon du p\u00e8re ou de la m\u00e8re, car elle permet d\u2019\u00e9tudier le lien de parent\u00e9 de mani\u00e8re indirecte via les grands-parents.\" \/>\n<meta property=\"og:url\" content=\"https:\/\/myadnlab.com\/fr\/producto\/test-de-grand-parentalite\/\" \/>\n<meta property=\"og:site_name\" content=\"Pruebas de paternidad y gen\u00e9tica \u00b7 MyAdnLab\" \/>\n<meta property=\"article:publisher\" content=\"https:\/\/www.facebook.com\/myadnlab\" \/>\n<meta property=\"article:modified_time\" content=\"2026-04-29T15:08:46+00:00\" \/>\n<meta property=\"og:image\" content=\"https:\/\/myadnlab.com\/wp-content\/uploads\/2026\/04\/Prueba-de-abuelidad.webp\" \/>\n\t<meta property=\"og:image:width\" content=\"1024\" \/>\n\t<meta property=\"og:image:height\" content=\"1024\" \/>\n\t<meta property=\"og:image:type\" content=\"image\/webp\" \/>\n<meta name=\"twitter:card\" content=\"summary_large_image\" \/>\n<meta name=\"twitter:site\" content=\"@myadnlab\" \/>\n<meta name=\"twitter:label1\" content=\"Dur\u00e9e de lecture estim\u00e9e\" \/>\n\t<meta name=\"twitter:data1\" content=\"5 minutes\" \/>\n<script type=\"application\/ld+json\" class=\"yoast-schema-graph\">{\"@context\":\"https:\\\/\\\/schema.org\",\"@graph\":[{\"@type\":\"WebPage\",\"@id\":\"https:\\\/\\\/myadnlab.com\\\/fr\\\/producto\\\/test-de-grand-parentalite\\\/\",\"url\":\"https:\\\/\\\/myadnlab.com\\\/fr\\\/producto\\\/test-de-grand-parentalite\\\/\",\"name\":\"Test de grand-parentalit\u00e9 - Pruebas de paternidad y gen\u00e9tica \u00b7 MyAdnLab\",\"isPartOf\":{\"@id\":\"https:\\\/\\\/myadnlab.com\\\/fr\\\/#website\"},\"primaryImageOfPage\":{\"@id\":\"https:\\\/\\\/myadnlab.com\\\/fr\\\/producto\\\/test-de-grand-parentalite\\\/#primaryimage\"},\"image\":{\"@id\":\"https:\\\/\\\/myadnlab.com\\\/fr\\\/producto\\\/test-de-grand-parentalite\\\/#primaryimage\"},\"thumbnailUrl\":\"https:\\\/\\\/myadnlab.com\\\/wp-content\\\/uploads\\\/2026\\\/04\\\/Prueba-de-abuelidad.webp\",\"datePublished\":\"2026-04-09T09:32:33+00:00\",\"dateModified\":\"2026-04-29T15:08:46+00:00\",\"breadcrumb\":{\"@id\":\"https:\\\/\\\/myadnlab.com\\\/fr\\\/producto\\\/test-de-grand-parentalite\\\/#breadcrumb\"},\"inLanguage\":\"fr-FR\",\"potentialAction\":[{\"@type\":\"ReadAction\",\"target\":[\"https:\\\/\\\/myadnlab.com\\\/fr\\\/producto\\\/test-de-grand-parentalite\\\/\"]}]},{\"@type\":\"ImageObject\",\"inLanguage\":\"fr-FR\",\"@id\":\"https:\\\/\\\/myadnlab.com\\\/fr\\\/producto\\\/test-de-grand-parentalite\\\/#primaryimage\",\"url\":\"https:\\\/\\\/myadnlab.com\\\/wp-content\\\/uploads\\\/2026\\\/04\\\/Prueba-de-abuelidad.webp\",\"contentUrl\":\"https:\\\/\\\/myadnlab.com\\\/wp-content\\\/uploads\\\/2026\\\/04\\\/Prueba-de-abuelidad.webp\",\"width\":1024,\"height\":1024},{\"@type\":\"BreadcrumbList\",\"@id\":\"https:\\\/\\\/myadnlab.com\\\/fr\\\/producto\\\/test-de-grand-parentalite\\\/#breadcrumb\",\"itemListElement\":[{\"@type\":\"ListItem\",\"position\":1,\"name\":\"Portada\",\"item\":\"https:\\\/\\\/myadnlab.com\\\/fr\\\/\"},{\"@type\":\"ListItem\",\"position\":2,\"name\":\"Boutique\",\"item\":\"https:\\\/\\\/myadnlab.com\\\/fr\\\/boutique\\\/\"},{\"@type\":\"ListItem\",\"position\":3,\"name\":\"Test de grand-parentalit\u00e9\"}]},{\"@type\":\"WebSite\",\"@id\":\"https:\\\/\\\/myadnlab.com\\\/fr\\\/#website\",\"url\":\"https:\\\/\\\/myadnlab.com\\\/fr\\\/\",\"name\":\"Pruebas de paternidad y gen\u00e9tica \u00b7 MyAdnLab\",\"description\":\"Pruebas de ADN, de paternidad y an\u00e1lisis de drogas\",\"publisher\":{\"@id\":\"https:\\\/\\\/myadnlab.com\\\/fr\\\/#organization\"},\"potentialAction\":[{\"@type\":\"SearchAction\",\"target\":{\"@type\":\"EntryPoint\",\"urlTemplate\":\"https:\\\/\\\/myadnlab.com\\\/fr\\\/?s={search_term_string}\"},\"query-input\":{\"@type\":\"PropertyValueSpecification\",\"valueRequired\":true,\"valueName\":\"search_term_string\"}}],\"inLanguage\":\"fr-FR\"},{\"@type\":\"Organization\",\"@id\":\"https:\\\/\\\/myadnlab.com\\\/fr\\\/#organization\",\"name\":\"Pruebas de paternidad y gen\u00e9tica \u00b7 MyAdnLab\",\"url\":\"https:\\\/\\\/myadnlab.com\\\/fr\\\/\",\"logo\":{\"@type\":\"ImageObject\",\"inLanguage\":\"fr-FR\",\"@id\":\"https:\\\/\\\/myadnlab.com\\\/fr\\\/#\\\/schema\\\/logo\\\/image\\\/\",\"url\":\"https:\\\/\\\/myadnlab.com\\\/wp-content\\\/uploads\\\/2026\\\/03\\\/logo-myadnlab.svg\",\"contentUrl\":\"https:\\\/\\\/myadnlab.com\\\/wp-content\\\/uploads\\\/2026\\\/03\\\/logo-myadnlab.svg\",\"caption\":\"Pruebas de paternidad y gen\u00e9tica \u00b7 MyAdnLab\"},\"image\":{\"@id\":\"https:\\\/\\\/myadnlab.com\\\/fr\\\/#\\\/schema\\\/logo\\\/image\\\/\"},\"sameAs\":[\"https:\\\/\\\/www.facebook.com\\\/myadnlab\",\"https:\\\/\\\/x.com\\\/myadnlab\",\"https:\\\/\\\/www.instagram.com\\\/myadnlab\\\/\",\"https:\\\/\\\/www.linkedin.com\\\/company\\\/my-adn-lab\\\/\"]}]}<\/script>\n<!-- \/ Yoast SEO plugin. -->","yoast_head_json":{"title":"Test de grand-parentalit\u00e9 - Pruebas de paternidad y gen\u00e9tica \u00b7 MyAdnLab","robots":{"index":"index","follow":"follow","max-snippet":"max-snippet:-1","max-image-preview":"max-image-preview:large","max-video-preview":"max-video-preview:-1"},"canonical":"https:\/\/myadnlab.com\/fr\/producto\/test-de-grand-parentalite\/","og_locale":"fr_FR","og_type":"article","og_title":"Test de grand-parentalit\u00e9 - Pruebas de paternidad y gen\u00e9tica \u00b7 MyAdnLab","og_description":"Le test de grand-parent\u00e9 permet de d\u00e9terminer s\u2019il existe un lien biologique entre les deux grands-parents paternels ou maternels et un petit-fils ou une petite-fille, sans avoir besoin de disposer de l\u2019\u00e9chantillon du p\u00e8re ou de la m\u00e8re pr\u00e9sum\u00e9(e).  Cette analyse est particuli\u00e8rement utile lorsqu\u2019il n\u2019est pas possible d\u2019obtenir l\u2019\u00e9chantillon du p\u00e8re ou de la m\u00e8re, car elle permet d\u2019\u00e9tudier le lien de parent\u00e9 de mani\u00e8re indirecte via les grands-parents.","og_url":"https:\/\/myadnlab.com\/fr\/producto\/test-de-grand-parentalite\/","og_site_name":"Pruebas de paternidad y gen\u00e9tica \u00b7 MyAdnLab","article_publisher":"https:\/\/www.facebook.com\/myadnlab","article_modified_time":"2026-04-29T15:08:46+00:00","og_image":[{"width":1024,"height":1024,"url":"https:\/\/myadnlab.com\/wp-content\/uploads\/2026\/04\/Prueba-de-abuelidad.webp","type":"image\/webp"}],"twitter_card":"summary_large_image","twitter_site":"@myadnlab","twitter_misc":{"Dur\u00e9e de lecture estim\u00e9e":"5 minutes"},"schema":{"@context":"https:\/\/schema.org","@graph":[{"@type":"WebPage","@id":"https:\/\/myadnlab.com\/fr\/producto\/test-de-grand-parentalite\/","url":"https:\/\/myadnlab.com\/fr\/producto\/test-de-grand-parentalite\/","name":"Test de grand-parentalit\u00e9 - Pruebas de paternidad y gen\u00e9tica \u00b7 MyAdnLab","isPartOf":{"@id":"https:\/\/myadnlab.com\/fr\/#website"},"primaryImageOfPage":{"@id":"https:\/\/myadnlab.com\/fr\/producto\/test-de-grand-parentalite\/#primaryimage"},"image":{"@id":"https:\/\/myadnlab.com\/fr\/producto\/test-de-grand-parentalite\/#primaryimage"},"thumbnailUrl":"https:\/\/myadnlab.com\/wp-content\/uploads\/2026\/04\/Prueba-de-abuelidad.webp","datePublished":"2026-04-09T09:32:33+00:00","dateModified":"2026-04-29T15:08:46+00:00","breadcrumb":{"@id":"https:\/\/myadnlab.com\/fr\/producto\/test-de-grand-parentalite\/#breadcrumb"},"inLanguage":"fr-FR","potentialAction":[{"@type":"ReadAction","target":["https:\/\/myadnlab.com\/fr\/producto\/test-de-grand-parentalite\/"]}]},{"@type":"ImageObject","inLanguage":"fr-FR","@id":"https:\/\/myadnlab.com\/fr\/producto\/test-de-grand-parentalite\/#primaryimage","url":"https:\/\/myadnlab.com\/wp-content\/uploads\/2026\/04\/Prueba-de-abuelidad.webp","contentUrl":"https:\/\/myadnlab.com\/wp-content\/uploads\/2026\/04\/Prueba-de-abuelidad.webp","width":1024,"height":1024},{"@type":"BreadcrumbList","@id":"https:\/\/myadnlab.com\/fr\/producto\/test-de-grand-parentalite\/#breadcrumb","itemListElement":[{"@type":"ListItem","position":1,"name":"Portada","item":"https:\/\/myadnlab.com\/fr\/"},{"@type":"ListItem","position":2,"name":"Boutique","item":"https:\/\/myadnlab.com\/fr\/boutique\/"},{"@type":"ListItem","position":3,"name":"Test de grand-parentalit\u00e9"}]},{"@type":"WebSite","@id":"https:\/\/myadnlab.com\/fr\/#website","url":"https:\/\/myadnlab.com\/fr\/","name":"Pruebas de paternidad y gen\u00e9tica \u00b7 MyAdnLab","description":"Pruebas de ADN, de paternidad y an\u00e1lisis de drogas","publisher":{"@id":"https:\/\/myadnlab.com\/fr\/#organization"},"potentialAction":[{"@type":"SearchAction","target":{"@type":"EntryPoint","urlTemplate":"https:\/\/myadnlab.com\/fr\/?s={search_term_string}"},"query-input":{"@type":"PropertyValueSpecification","valueRequired":true,"valueName":"search_term_string"}}],"inLanguage":"fr-FR"},{"@type":"Organization","@id":"https:\/\/myadnlab.com\/fr\/#organization","name":"Pruebas de paternidad y gen\u00e9tica \u00b7 MyAdnLab","url":"https:\/\/myadnlab.com\/fr\/","logo":{"@type":"ImageObject","inLanguage":"fr-FR","@id":"https:\/\/myadnlab.com\/fr\/#\/schema\/logo\/image\/","url":"https:\/\/myadnlab.com\/wp-content\/uploads\/2026\/03\/logo-myadnlab.svg","contentUrl":"https:\/\/myadnlab.com\/wp-content\/uploads\/2026\/03\/logo-myadnlab.svg","caption":"Pruebas de paternidad y gen\u00e9tica \u00b7 MyAdnLab"},"image":{"@id":"https:\/\/myadnlab.com\/fr\/#\/schema\/logo\/image\/"},"sameAs":["https:\/\/www.facebook.com\/myadnlab","https:\/\/x.com\/myadnlab","https:\/\/www.instagram.com\/myadnlab\/","https:\/\/www.linkedin.com\/company\/my-adn-lab\/"]}]}},"_links":{"self":[{"href":"https:\/\/myadnlab.com\/fr\/wp-json\/wp\/v2\/product\/29246","targetHints":{"allow":["GET"]}}],"collection":[{"href":"https:\/\/myadnlab.com\/fr\/wp-json\/wp\/v2\/product"}],"about":[{"href":"https:\/\/myadnlab.com\/fr\/wp-json\/wp\/v2\/types\/product"}],"wp:featuredmedia":[{"embeddable":true,"href":"https:\/\/myadnlab.com\/fr\/wp-json\/wp\/v2\/media\/29247"}],"wp:attachment":[{"href":"https:\/\/myadnlab.com\/fr\/wp-json\/wp\/v2\/media?parent=29246"}],"wp:term":[{"taxonomy":"product_brand","embeddable":true,"href":"https:\/\/myadnlab.com\/fr\/wp-json\/wp\/v2\/product_brand?post=29246"},{"taxonomy":"product_cat","embeddable":true,"href":"https:\/\/myadnlab.com\/fr\/wp-json\/wp\/v2\/product_cat?post=29246"},{"taxonomy":"product_tag","embeddable":true,"href":"https:\/\/myadnlab.com\/fr\/wp-json\/wp\/v2\/product_tag?post=29246"}],"curies":[{"name":"wp","href":"https:\/\/api.w.org\/{rel}","templated":true}]}}