{"id":29237,"date":"2020-10-30T11:22:25","date_gmt":"2020-10-30T10:22:25","guid":{"rendered":"https:\/\/gustavob71.sg-host.com\/producto\/empreinte-genetique\/"},"modified":"2026-04-24T12:43:14","modified_gmt":"2026-04-24T10:43:14","slug":"empreinte-genetique","status":"publish","type":"product","link":"https:\/\/myadnlab.com\/fr\/producto\/empreinte-genetique\/","title":{"rendered":"Empreinte g\u00e9n\u00e9tique"},"content":{"rendered":"<section id=\"brxe-d3e642\" class=\"brxe-section\"><div id=\"brxe-tzydni\" class=\"brxe-container\"><div id=\"brxe-eneuyz\" class=\"brxe-block\"><h2 id=\"brxe-1a3214\" class=\"brxe-heading\">\u00c0 quoi sert l'<b>identification g\u00e9n\u00e9tique<\/b> ?<\/h2><\/div><\/div><div id=\"brxe-6e63e8\" class=\"brxe-container brx-grid\"><div id=\"brxe-beb9c2\" class=\"brxe-block\"><div id=\"brxe-a1921b\" class=\"brxe-text\"><p>L&rsquo;identification g\u00e9n\u00e9tique consiste \u00e0 obtenir le profil ADN d&rsquo;une personne par l&rsquo;analyse de marqueurs g\u00e9n\u00e9tiques sp\u00e9cifiques. Ce profil peut ensuite \u00eatre utilis\u00e9 pour confirmer l&rsquo;identit\u00e9 d&rsquo;un individu par comparaison g\u00e9n\u00e9tique. <\/p>\n<p>Gr\u00e2ce \u00e0 cette technologie, il est possible d&rsquo;identifier une personne m\u00eame dans des situations o\u00f9 les m\u00e9thodes traditionnelles de reconnaissance ne sont pas suffisantes.<\/p>\n<p>L&rsquo;analyse est r\u00e9alis\u00e9e \u00e0 partir d&rsquo;un \u00e9chantillon de <strong>muqueuse buccale pr\u00e9lev\u00e9 au moyen d&rsquo;un \u00e9couvillon<\/strong>, une proc\u00e9dure rapide, simple et indolore.<\/p>\n<\/div><\/div><div id=\"brxe-gyaydb\" class=\"brxe-block\"><div id=\"brxe-ecnowl\" class=\"brxe-block\"><div id=\"brxe-tcdyjx\" class=\"brxe-text\"><p>Parmi ses principales applications figurent :<\/p>\n<ul>\n<li><strong>Identification des participants<\/strong> dans les tests de paternit\u00e9, de maternit\u00e9 ou d&rsquo;autres \u00e9tudes de parent\u00e9.<\/li>\n<li><strong>Enqu\u00eates m\u00e9dico-l\u00e9gales et criminalistique.<\/strong><\/li>\n<li><strong>Identification des victimes lors de catastrophes de grande ampleur<\/strong>, telles que des accidents a\u00e9riens, des incendies ou des catastrophes naturelles.<\/li>\n<li><strong>Recherche de membres de la famille biologique.<\/strong><\/li>\n<li><strong>Recherche de personnes disparues.<\/strong><\/li>\n<li><strong>Identification de personnes adopt\u00e9es<\/strong> souhaitant conna\u00eetre leur origine biologique.<\/li>\n<li><strong>Conservation de profils g\u00e9n\u00e9tiques<\/strong> pour faciliter de futures identifications dans des situations particuli\u00e8res.<\/li>\n<\/ul>\n<\/div><\/div><\/div><\/div><\/section><section id=\"brxe-bvkkaa\" class=\"brxe-section\"><div id=\"brxe-efgbne\" class=\"brxe-container\"><div id=\"brxe-zjzybm\" class=\"brxe-block bloc-faq-woo\"><div id=\"brxe-aeabig\" class=\"brxe-block\"><h4 id=\"brxe-uuoqfo\" class=\"brxe-heading\">FAQ<\/h4><h3 id=\"brxe-rqhtri\" class=\"brxe-heading\">Questions fr\u00e9quentes sur<\/h3><h3 id=\"brxe-zmvgtx\" class=\"brxe-heading\">Empreinte g\u00e9n\u00e9tique<\/h3><\/div><div id=\"brxe-lvhgpd\" class=\"brxe-template\"><div id=\"brxe-2d6234\" data-script-id=\"2d6234\" class=\"brxe-accordion-nested arccord-nest\"><div id=\"brxe-e7c06d\" class=\"brxe-block accord-item\"><div id=\"brxe-204703\" class=\"brxe-block accord-title accordion-title-wrapper\" role=\"button\" aria-expanded=\"false\" tabindex=\"0\" aria-controls=\"brxe-81db6a\"><i id=\"brxe-5f3beb\" class=\"ion-ios-arrow-dropright-circle brxe-icon brx-icon-transform\"><\/i><h3 id=\"brxe-416d7a\" class=\"brxe-heading\">Le profil g\u00e9n\u00e9tique contient-il des informations m\u00e9dicales ?<\/h3><\/div><div id=\"brxe-81db6a\" class=\"brxe-block accordion-content-wrapper\" role=\"region\" aria-labelledby=\"brxe-416d7a\"><div id=\"brxe-170176\" class=\"brxe-block\"><div id=\"brxe-10cce0\" class=\"brxe-text\"><p><strong>Non.<\/strong> Les marqueurs analys\u00e9s sont utilis\u00e9s uniquement \u00e0 des fins d\u2019<strong>identification g\u00e9n\u00e9tique<\/strong>. Ces r\u00e9gions de l\u2019ADN ne fournissent aucune information sur les maladies, la sant\u00e9 ou les caract\u00e9ristiques physiques ; le profil obtenu sert donc uniquement \u00e0 <strong>comparer l\u2019ADN entre des personnes et \u00e0 \u00e9tablir d\u2019\u00e9ventuels liens biologiques<\/strong>. <\/p>\n<\/div><\/div><\/div><\/div><div id=\"brxe-b89738\" class=\"brxe-block accord-item\"><div id=\"brxe-2408c2\" class=\"brxe-block accord-title accordion-title-wrapper\" role=\"button\" aria-expanded=\"false\" tabindex=\"0\" aria-controls=\"brxe-748757\"><i id=\"brxe-81da53\" class=\"ion-ios-arrow-dropright-circle brxe-icon brx-icon-transform\"><\/i><h3 id=\"brxe-113f4a\" class=\"brxe-heading\">\u00c0 quoi sert un profil g\u00e9n\u00e9tique ?<\/h3><\/div><div id=\"brxe-748757\" class=\"brxe-block accordion-content-wrapper\" role=\"region\" aria-labelledby=\"brxe-113f4a\"><div id=\"brxe-3b1452\" class=\"brxe-block\"><div id=\"brxe-ef8674\" class=\"brxe-text\"><p>Un profil g\u00e9n\u00e9tique permet de <strong>comparer l\u2019ADN d\u2019une personne avec celui d\u2019autres personnes<\/strong> afin de confirmer ou d\u2019exclure un \u00e9ventuel lien biologique entre elles. Ce type d\u2019analyse est fr\u00e9quemment utilis\u00e9 dans les <strong>recherches de parent\u00e9<\/strong>, la recherche de parents biologiques, les cas de <strong>personnes disparues<\/strong> ou les enqu\u00eates relatives \u00e0 d\u2019<strong>\u00e9ventuels b\u00e9b\u00e9s vol\u00e9s<\/strong>. <\/p>\n<p>Le fait de disposer d\u2019un profil g\u00e9n\u00e9tique permet, si un autre profil compatible appara\u00eet ult\u00e9rieurement dans une base de donn\u00e9es ou lors d\u2019une analyse comparative, de <strong>d\u00e9tecter une correspondance g\u00e9n\u00e9tique et d\u2019\u00e9tablir le lien biologique correspondant<\/strong>. De plus, le profil obtenu peut \u00eatre conserv\u00e9 pour de <strong>futures comparaisons g\u00e9n\u00e9tiques<\/strong> en cas de besoin. <\/p>\n<\/div><\/div><\/div><\/div><div id=\"brxe-4dfd3f\" class=\"brxe-block accord-item\"><div id=\"brxe-69963b\" class=\"brxe-block accord-title accordion-title-wrapper\" role=\"button\" aria-expanded=\"false\" tabindex=\"0\" aria-controls=\"brxe-cb7fda\"><i id=\"brxe-61ebb3\" class=\"ion-ios-arrow-dropright-circle brxe-icon brx-icon-transform\"><\/i><h3 id=\"brxe-f6a97a\" class=\"brxe-heading\">Comment proc\u00e8de-t-on dans les enqu\u00eates relatives aux b\u00e9b\u00e9s vol\u00e9s ?<\/h3><\/div><div id=\"brxe-cb7fda\" class=\"brxe-block accordion-content-wrapper\" role=\"region\" aria-labelledby=\"brxe-f6a97a\"><div id=\"brxe-4aa003\" class=\"brxe-block\"><div id=\"brxe-a7cba2\" class=\"brxe-text\"><p>Dans ce type d\u2019enqu\u00eate, l\u2019une des premi\u00e8res \u00e9tapes consiste g\u00e9n\u00e9ralement \u00e0 <strong>obtenir le profil g\u00e9n\u00e9tique des membres de la famille qui recherchent un \u00e9ventuel enfant ou parent biologique<\/strong>, tels que la m\u00e8re, le p\u00e8re, les fr\u00e8res et s\u0153urs ou d\u2019autres parents directs.<\/p>\n<p>L\u2019analyse permet de g\u00e9n\u00e9rer une <strong>empreinte g\u00e9n\u00e9tique individuelle<\/strong>, qui pourra ensuite \u00eatre utilis\u00e9e pour effectuer des comparaisons avec d\u2019autres profils g\u00e9n\u00e9tiques disponibles dans les registres destin\u00e9s \u00e0 ce type de recherche.<\/p>\n<p>Une fois le profil g\u00e9n\u00e9tique obtenu en laboratoire, la personne concern\u00e9e peut le <strong>pr\u00e9senter aux organismes comp\u00e9tents<\/strong>, tels que le minist\u00e8re de la Justice, qui dispose de syst\u00e8mes d\u2019enregistrement et de comparaison pour faciliter l\u2019identification de correspondances \u00e9ventuelles entre les profils.<\/p>\n<p>Notre laboratoire peut vous <strong>conseiller sur le processus d\u2019obtention du profil g\u00e9n\u00e9tique et vous orienter sur les \u00e9tapes \u00e0 suivre ult\u00e9rieurement<\/strong> pour son \u00e9ventuelle inclusion dans les registres officiels correspondants.<\/p>\n<\/div><\/div><\/div><\/div><\/div><script type=\"application\/ld+json\">{\"@context\":\"https:\\\/\\\/schema.org\",\"@type\":\"FAQPage\",\"mainEntity\":[{\"@type\":\"Question\",\"name\":\"Le profil g\u00e9n\u00e9tique contient-il des informations m\u00e9dicales ?\",\"acceptedAnswer\":{\"@type\":\"Answer\",\"text\":\"Non. Les marqueurs analys\u00e9s sont utilis\u00e9s uniquement \u00e0 des fins d\u2019identification g\u00e9n\u00e9tique. Ces r\u00e9gions de l\u2019ADN ne fournissent aucune information sur les maladies, la sant\u00e9 ou les caract\u00e9ristiques physiques ; le profil obtenu sert donc uniquement \u00e0 comparer l\u2019ADN entre des personnes et \u00e0 \u00e9tablir d\u2019\u00e9ventuels liens biologiques. \\n\"}},{\"@type\":\"Question\",\"name\":\"\u00c0 quoi sert un profil g\u00e9n\u00e9tique ?\",\"acceptedAnswer\":{\"@type\":\"Answer\",\"text\":\"Un profil g\u00e9n\u00e9tique permet de comparer l\u2019ADN d\u2019une personne avec celui d\u2019autres personnes afin de confirmer ou d\u2019exclure un \u00e9ventuel lien biologique entre elles. Ce type d\u2019analyse est fr\u00e9quemment utilis\u00e9 dans les recherches de parent\u00e9, la recherche de parents biologiques, les cas de personnes disparues ou les enqu\u00eates relatives \u00e0 d\u2019\u00e9ventuels b\u00e9b\u00e9s vol\u00e9s. \\nLe fait de disposer d\u2019un profil g\u00e9n\u00e9tique permet, si un autre profil compatible appara\u00eet ult\u00e9rieurement dans une base de donn\u00e9es ou lors d\u2019une analyse comparative, de d\u00e9tecter une correspondance g\u00e9n\u00e9tique et d\u2019\u00e9tablir le lien biologique correspondant. De plus, le profil obtenu peut \u00eatre conserv\u00e9 pour de futures comparaisons g\u00e9n\u00e9tiques en cas de besoin. \\n\"}},{\"@type\":\"Question\",\"name\":\"Comment proc\u00e8de-t-on dans les enqu\u00eates relatives aux b\u00e9b\u00e9s vol\u00e9s ?\",\"acceptedAnswer\":{\"@type\":\"Answer\",\"text\":\"Dans ce type d\u2019enqu\u00eate, l\u2019une des premi\u00e8res \u00e9tapes consiste g\u00e9n\u00e9ralement \u00e0 obtenir le profil g\u00e9n\u00e9tique des membres de la famille qui recherchent un \u00e9ventuel enfant ou parent biologique, tels que la m\u00e8re, le p\u00e8re, les fr\u00e8res et s\u0153urs ou d\u2019autres parents directs.\\nL\u2019analyse permet de g\u00e9n\u00e9rer une empreinte g\u00e9n\u00e9tique individuelle, qui pourra ensuite \u00eatre utilis\u00e9e pour effectuer des comparaisons avec d\u2019autres profils g\u00e9n\u00e9tiques disponibles dans les registres destin\u00e9s \u00e0 ce type de recherche.\\nUne fois le profil g\u00e9n\u00e9tique obtenu en laboratoire, la personne concern\u00e9e peut le pr\u00e9senter aux organismes comp\u00e9tents, tels que le minist\u00e8re de la Justice, qui dispose de syst\u00e8mes d\u2019enregistrement et de comparaison pour faciliter l\u2019identification de correspondances \u00e9ventuelles entre les profils.\\nNotre laboratoire peut vous conseiller sur le processus d\u2019obtention du profil g\u00e9n\u00e9tique et vous orienter sur les \u00e9tapes \u00e0 suivre ult\u00e9rieurement pour son \u00e9ventuelle inclusion dans les registres officiels correspondants.\\n\"}}]}<\/script><\/div><\/div><\/div><div id=\"brxe-puffds\" class=\"brxe-container\"><div class=\"brxe-ovktni brxe-block ayuda-bloc-grid\"><div class=\"brxe-37e1a6 brxe-block\"><h3 class=\"brxe-7857a9 brxe-heading\">Avez-vous besoin d\u2019aide pour votre dossier ?<\/h3><div class=\"brxe-5b6b41 brxe-div\"><div class=\"brxe-3fa7a3 brxe-text\"><p>Consultez votre dossier avec nos sp\u00e9cialistes et nous vous pr\u00e9parerons un devis d\u00e9taill\u00e9 sur mesure. Notre \u00e9quipe sera ravie de vous aider.<\/p>\n<p>Nous pouvons vous conseiller de mani\u00e8re <strong>rapide, confidentielle et personnalis\u00e9e<\/strong> afin que vous puissiez r\u00e9aliser votre test de paternit\u00e9 en toute s\u00e9r\u00e9nit\u00e9.<\/p>\n<p><strong>Contactez-nous et nous vous informerons sans engagement.<\/strong><\/p>\n<\/div><\/div><div class=\"brxe-61eefe brxe-div\"><a class=\"brxe-400422 brxe-text-link\" href=\"tel:+34973834070\" target=\"_blank\"><span class=\"icon\"><i class=\"ion-ios-call\"><\/i><\/span><span class=\"text\"> 973 83 40 70<\/span><\/a><a class=\"brxe-3e147f brxe-text-link\" href=\"https:\/\/wa.me\/34615271286?text=%C2%A1Hola!%20Quiero%20m%C3%A1s%20informaci%C3%B3n%20sobre%20...\" target=\"_blank\"><span class=\"icon\"><i class=\"fab fa-whatsapp\"><\/i><\/span><span class=\"text\"> WhatsApp<\/span><\/a><a class=\"brxe-3884d8 brxe-text-link\" href=\"mailto:info@myadnlab.com\" target=\"_blank\"><span class=\"icon\"><i class=\"ion-ios-mail\"><\/i><\/span><span class=\"text\">info@myadnlab.com<\/span><\/a><\/div><\/div><\/div><\/div><\/section>\n","protected":false},"excerpt":{"rendered":"<p>L\u2019analyse ADN est devenue un outil <strong>fondamental pour l\u2019identification humaine<\/strong>, tant dans le domaine scientifique que dans les applications juridiques et familiales.<\/p>\n<p>Chaque personne poss\u00e8de un <strong>profil g\u00e9n\u00e9tique unique<\/strong>, \u00e9galement appel\u00e9 <strong>empreinte g\u00e9n\u00e9tique<\/strong> (sauf dans le cas des jumeaux monozygotes, qui partagent le m\u00eame profil).<\/p>\n<p>Gr\u00e2ce \u00e0 l\u2019analyse ADN, il est possible <strong>d\u2019identifier sans \u00e9quivoque un individu<\/strong> en \u00e9tudiant des marqueurs g\u00e9n\u00e9tiques sp\u00e9cifiques utilis\u00e9s en g\u00e9n\u00e9tique m\u00e9dico-l\u00e9gale.<\/p>\n","protected":false},"featured_media":29239,"template":"","meta":[],"product_brand":[],"product_cat":[523,517],"product_tag":[],"class_list":{"0":"post-29237","1":"product","2":"type-product","3":"status-publish","4":"has-post-thumbnail","6":"product_cat-adn-humain","7":"product_cat-kit","9":"first","10":"instock","11":"taxable","12":"shipping-taxable","13":"purchasable","14":"product-type-simple"},"yoast_head":"<!-- This site is optimized with the Yoast SEO plugin v27.6 - https:\/\/yoast.com\/product\/yoast-seo-wordpress\/ -->\n<title>Empreinte g\u00e9n\u00e9tique - Pruebas de paternidad y gen\u00e9tica \u00b7 MyAdnLab<\/title>\n<meta name=\"robots\" content=\"index, follow, max-snippet:-1, max-image-preview:large, max-video-preview:-1\" \/>\n<link rel=\"canonical\" href=\"https:\/\/myadnlab.com\/fr\/producto\/empreinte-genetique\/\" \/>\n<meta property=\"og:locale\" content=\"fr_FR\" \/>\n<meta property=\"og:type\" content=\"article\" \/>\n<meta property=\"og:title\" content=\"Empreinte g\u00e9n\u00e9tique - Pruebas de paternidad y gen\u00e9tica \u00b7 MyAdnLab\" \/>\n<meta property=\"og:description\" content=\"L\u2019analyse ADN est devenue un outil fondamental pour l\u2019identification humaine, tant dans le domaine scientifique que dans les applications juridiques et familiales.  Chaque personne poss\u00e8de un profil g\u00e9n\u00e9tique unique, \u00e9galement appel\u00e9 empreinte g\u00e9n\u00e9tique (sauf dans le cas des jumeaux monozygotes, qui partagent le m\u00eame profil).  Gr\u00e2ce \u00e0 l\u2019analyse ADN, il est possible d\u2019identifier sans \u00e9quivoque un individu en \u00e9tudiant des marqueurs g\u00e9n\u00e9tiques sp\u00e9cifiques utilis\u00e9s en g\u00e9n\u00e9tique m\u00e9dico-l\u00e9gale.\" \/>\n<meta property=\"og:url\" content=\"https:\/\/myadnlab.com\/fr\/producto\/empreinte-genetique\/\" \/>\n<meta property=\"og:site_name\" content=\"Pruebas de paternidad y gen\u00e9tica \u00b7 MyAdnLab\" \/>\n<meta property=\"article:publisher\" content=\"https:\/\/www.facebook.com\/myadnlab\" \/>\n<meta property=\"article:modified_time\" content=\"2026-04-24T10:43:14+00:00\" \/>\n<meta property=\"og:image\" content=\"https:\/\/myadnlab.com\/wp-content\/uploads\/2020\/10\/Identificacion-genetica.webp\" \/>\n\t<meta property=\"og:image:width\" content=\"1024\" \/>\n\t<meta property=\"og:image:height\" content=\"1024\" \/>\n\t<meta property=\"og:image:type\" content=\"image\/webp\" \/>\n<meta name=\"twitter:card\" content=\"summary_large_image\" \/>\n<meta name=\"twitter:site\" content=\"@myadnlab\" \/>\n<script type=\"application\/ld+json\" class=\"yoast-schema-graph\">{\"@context\":\"https:\\\/\\\/schema.org\",\"@graph\":[{\"@type\":\"WebPage\",\"@id\":\"https:\\\/\\\/myadnlab.com\\\/fr\\\/producto\\\/empreinte-genetique\\\/\",\"url\":\"https:\\\/\\\/myadnlab.com\\\/fr\\\/producto\\\/empreinte-genetique\\\/\",\"name\":\"Empreinte g\u00e9n\u00e9tique - Pruebas de paternidad y gen\u00e9tica \u00b7 MyAdnLab\",\"isPartOf\":{\"@id\":\"https:\\\/\\\/myadnlab.com\\\/fr\\\/#website\"},\"primaryImageOfPage\":{\"@id\":\"https:\\\/\\\/myadnlab.com\\\/fr\\\/producto\\\/empreinte-genetique\\\/#primaryimage\"},\"image\":{\"@id\":\"https:\\\/\\\/myadnlab.com\\\/fr\\\/producto\\\/empreinte-genetique\\\/#primaryimage\"},\"thumbnailUrl\":\"https:\\\/\\\/myadnlab.com\\\/wp-content\\\/uploads\\\/2020\\\/10\\\/Identificacion-genetica.webp\",\"datePublished\":\"2020-10-30T10:22:25+00:00\",\"dateModified\":\"2026-04-24T10:43:14+00:00\",\"breadcrumb\":{\"@id\":\"https:\\\/\\\/myadnlab.com\\\/fr\\\/producto\\\/empreinte-genetique\\\/#breadcrumb\"},\"inLanguage\":\"fr-FR\",\"potentialAction\":[{\"@type\":\"ReadAction\",\"target\":[\"https:\\\/\\\/myadnlab.com\\\/fr\\\/producto\\\/empreinte-genetique\\\/\"]}]},{\"@type\":\"ImageObject\",\"inLanguage\":\"fr-FR\",\"@id\":\"https:\\\/\\\/myadnlab.com\\\/fr\\\/producto\\\/empreinte-genetique\\\/#primaryimage\",\"url\":\"https:\\\/\\\/myadnlab.com\\\/wp-content\\\/uploads\\\/2020\\\/10\\\/Identificacion-genetica.webp\",\"contentUrl\":\"https:\\\/\\\/myadnlab.com\\\/wp-content\\\/uploads\\\/2020\\\/10\\\/Identificacion-genetica.webp\",\"width\":1024,\"height\":1024},{\"@type\":\"BreadcrumbList\",\"@id\":\"https:\\\/\\\/myadnlab.com\\\/fr\\\/producto\\\/empreinte-genetique\\\/#breadcrumb\",\"itemListElement\":[{\"@type\":\"ListItem\",\"position\":1,\"name\":\"Portada\",\"item\":\"https:\\\/\\\/myadnlab.com\\\/fr\\\/\"},{\"@type\":\"ListItem\",\"position\":2,\"name\":\"Boutique\",\"item\":\"https:\\\/\\\/myadnlab.com\\\/fr\\\/boutique\\\/\"},{\"@type\":\"ListItem\",\"position\":3,\"name\":\"Empreinte g\u00e9n\u00e9tique\"}]},{\"@type\":\"WebSite\",\"@id\":\"https:\\\/\\\/myadnlab.com\\\/fr\\\/#website\",\"url\":\"https:\\\/\\\/myadnlab.com\\\/fr\\\/\",\"name\":\"Pruebas de paternidad y gen\u00e9tica \u00b7 MyAdnLab\",\"description\":\"Pruebas de ADN, de paternidad y an\u00e1lisis de drogas\",\"publisher\":{\"@id\":\"https:\\\/\\\/myadnlab.com\\\/fr\\\/#organization\"},\"potentialAction\":[{\"@type\":\"SearchAction\",\"target\":{\"@type\":\"EntryPoint\",\"urlTemplate\":\"https:\\\/\\\/myadnlab.com\\\/fr\\\/?s={search_term_string}\"},\"query-input\":{\"@type\":\"PropertyValueSpecification\",\"valueRequired\":true,\"valueName\":\"search_term_string\"}}],\"inLanguage\":\"fr-FR\"},{\"@type\":\"Organization\",\"@id\":\"https:\\\/\\\/myadnlab.com\\\/fr\\\/#organization\",\"name\":\"Pruebas de paternidad y gen\u00e9tica \u00b7 MyAdnLab\",\"url\":\"https:\\\/\\\/myadnlab.com\\\/fr\\\/\",\"logo\":{\"@type\":\"ImageObject\",\"inLanguage\":\"fr-FR\",\"@id\":\"https:\\\/\\\/myadnlab.com\\\/fr\\\/#\\\/schema\\\/logo\\\/image\\\/\",\"url\":\"https:\\\/\\\/myadnlab.com\\\/wp-content\\\/uploads\\\/2026\\\/03\\\/logo-myadnlab.svg\",\"contentUrl\":\"https:\\\/\\\/myadnlab.com\\\/wp-content\\\/uploads\\\/2026\\\/03\\\/logo-myadnlab.svg\",\"caption\":\"Pruebas de paternidad y gen\u00e9tica \u00b7 MyAdnLab\"},\"image\":{\"@id\":\"https:\\\/\\\/myadnlab.com\\\/fr\\\/#\\\/schema\\\/logo\\\/image\\\/\"},\"sameAs\":[\"https:\\\/\\\/www.facebook.com\\\/myadnlab\",\"https:\\\/\\\/x.com\\\/myadnlab\",\"https:\\\/\\\/www.instagram.com\\\/myadnlab\\\/\",\"https:\\\/\\\/www.linkedin.com\\\/company\\\/my-adn-lab\\\/\"]}]}<\/script>\n<!-- \/ Yoast SEO plugin. -->","yoast_head_json":{"title":"Empreinte g\u00e9n\u00e9tique - Pruebas de paternidad y gen\u00e9tica \u00b7 MyAdnLab","robots":{"index":"index","follow":"follow","max-snippet":"max-snippet:-1","max-image-preview":"max-image-preview:large","max-video-preview":"max-video-preview:-1"},"canonical":"https:\/\/myadnlab.com\/fr\/producto\/empreinte-genetique\/","og_locale":"fr_FR","og_type":"article","og_title":"Empreinte g\u00e9n\u00e9tique - Pruebas de paternidad y gen\u00e9tica \u00b7 MyAdnLab","og_description":"L\u2019analyse ADN est devenue un outil fondamental pour l\u2019identification humaine, tant dans le domaine scientifique que dans les applications juridiques et familiales.  Chaque personne poss\u00e8de un profil g\u00e9n\u00e9tique unique, \u00e9galement appel\u00e9 empreinte g\u00e9n\u00e9tique (sauf dans le cas des jumeaux monozygotes, qui partagent le m\u00eame profil).  Gr\u00e2ce \u00e0 l\u2019analyse ADN, il est possible d\u2019identifier sans \u00e9quivoque un individu en \u00e9tudiant des marqueurs g\u00e9n\u00e9tiques sp\u00e9cifiques utilis\u00e9s en g\u00e9n\u00e9tique m\u00e9dico-l\u00e9gale.","og_url":"https:\/\/myadnlab.com\/fr\/producto\/empreinte-genetique\/","og_site_name":"Pruebas de paternidad y gen\u00e9tica \u00b7 MyAdnLab","article_publisher":"https:\/\/www.facebook.com\/myadnlab","article_modified_time":"2026-04-24T10:43:14+00:00","og_image":[{"width":1024,"height":1024,"url":"https:\/\/myadnlab.com\/wp-content\/uploads\/2020\/10\/Identificacion-genetica.webp","type":"image\/webp"}],"twitter_card":"summary_large_image","twitter_site":"@myadnlab","schema":{"@context":"https:\/\/schema.org","@graph":[{"@type":"WebPage","@id":"https:\/\/myadnlab.com\/fr\/producto\/empreinte-genetique\/","url":"https:\/\/myadnlab.com\/fr\/producto\/empreinte-genetique\/","name":"Empreinte g\u00e9n\u00e9tique - Pruebas de paternidad y gen\u00e9tica \u00b7 MyAdnLab","isPartOf":{"@id":"https:\/\/myadnlab.com\/fr\/#website"},"primaryImageOfPage":{"@id":"https:\/\/myadnlab.com\/fr\/producto\/empreinte-genetique\/#primaryimage"},"image":{"@id":"https:\/\/myadnlab.com\/fr\/producto\/empreinte-genetique\/#primaryimage"},"thumbnailUrl":"https:\/\/myadnlab.com\/wp-content\/uploads\/2020\/10\/Identificacion-genetica.webp","datePublished":"2020-10-30T10:22:25+00:00","dateModified":"2026-04-24T10:43:14+00:00","breadcrumb":{"@id":"https:\/\/myadnlab.com\/fr\/producto\/empreinte-genetique\/#breadcrumb"},"inLanguage":"fr-FR","potentialAction":[{"@type":"ReadAction","target":["https:\/\/myadnlab.com\/fr\/producto\/empreinte-genetique\/"]}]},{"@type":"ImageObject","inLanguage":"fr-FR","@id":"https:\/\/myadnlab.com\/fr\/producto\/empreinte-genetique\/#primaryimage","url":"https:\/\/myadnlab.com\/wp-content\/uploads\/2020\/10\/Identificacion-genetica.webp","contentUrl":"https:\/\/myadnlab.com\/wp-content\/uploads\/2020\/10\/Identificacion-genetica.webp","width":1024,"height":1024},{"@type":"BreadcrumbList","@id":"https:\/\/myadnlab.com\/fr\/producto\/empreinte-genetique\/#breadcrumb","itemListElement":[{"@type":"ListItem","position":1,"name":"Portada","item":"https:\/\/myadnlab.com\/fr\/"},{"@type":"ListItem","position":2,"name":"Boutique","item":"https:\/\/myadnlab.com\/fr\/boutique\/"},{"@type":"ListItem","position":3,"name":"Empreinte g\u00e9n\u00e9tique"}]},{"@type":"WebSite","@id":"https:\/\/myadnlab.com\/fr\/#website","url":"https:\/\/myadnlab.com\/fr\/","name":"Pruebas de paternidad y gen\u00e9tica \u00b7 MyAdnLab","description":"Pruebas de ADN, de paternidad y an\u00e1lisis de drogas","publisher":{"@id":"https:\/\/myadnlab.com\/fr\/#organization"},"potentialAction":[{"@type":"SearchAction","target":{"@type":"EntryPoint","urlTemplate":"https:\/\/myadnlab.com\/fr\/?s={search_term_string}"},"query-input":{"@type":"PropertyValueSpecification","valueRequired":true,"valueName":"search_term_string"}}],"inLanguage":"fr-FR"},{"@type":"Organization","@id":"https:\/\/myadnlab.com\/fr\/#organization","name":"Pruebas de paternidad y gen\u00e9tica \u00b7 MyAdnLab","url":"https:\/\/myadnlab.com\/fr\/","logo":{"@type":"ImageObject","inLanguage":"fr-FR","@id":"https:\/\/myadnlab.com\/fr\/#\/schema\/logo\/image\/","url":"https:\/\/myadnlab.com\/wp-content\/uploads\/2026\/03\/logo-myadnlab.svg","contentUrl":"https:\/\/myadnlab.com\/wp-content\/uploads\/2026\/03\/logo-myadnlab.svg","caption":"Pruebas de paternidad y gen\u00e9tica \u00b7 MyAdnLab"},"image":{"@id":"https:\/\/myadnlab.com\/fr\/#\/schema\/logo\/image\/"},"sameAs":["https:\/\/www.facebook.com\/myadnlab","https:\/\/x.com\/myadnlab","https:\/\/www.instagram.com\/myadnlab\/","https:\/\/www.linkedin.com\/company\/my-adn-lab\/"]}]}},"_links":{"self":[{"href":"https:\/\/myadnlab.com\/fr\/wp-json\/wp\/v2\/product\/29237","targetHints":{"allow":["GET"]}}],"collection":[{"href":"https:\/\/myadnlab.com\/fr\/wp-json\/wp\/v2\/product"}],"about":[{"href":"https:\/\/myadnlab.com\/fr\/wp-json\/wp\/v2\/types\/product"}],"wp:featuredmedia":[{"embeddable":true,"href":"https:\/\/myadnlab.com\/fr\/wp-json\/wp\/v2\/media\/29239"}],"wp:attachment":[{"href":"https:\/\/myadnlab.com\/fr\/wp-json\/wp\/v2\/media?parent=29237"}],"wp:term":[{"taxonomy":"product_brand","embeddable":true,"href":"https:\/\/myadnlab.com\/fr\/wp-json\/wp\/v2\/product_brand?post=29237"},{"taxonomy":"product_cat","embeddable":true,"href":"https:\/\/myadnlab.com\/fr\/wp-json\/wp\/v2\/product_cat?post=29237"},{"taxonomy":"product_tag","embeddable":true,"href":"https:\/\/myadnlab.com\/fr\/wp-json\/wp\/v2\/product_tag?post=29237"}],"curies":[{"name":"wp","href":"https:\/\/api.w.org\/{rel}","templated":true}]}}